{"id":1725,"date":"2025-12-04T23:41:33","date_gmt":"2025-12-04T23:41:33","guid":{"rendered":"https:\/\/sinergiaconsultoria.org\/?page_id=1725"},"modified":"2025-12-04T23:41:34","modified_gmt":"2025-12-04T23:41:34","slug":"politicas","status":"publish","type":"page","link":"https:\/\/sinergiaconsultoria.org\/index.php\/politicas\/","title":{"rendered":"Politicas"},"content":{"rendered":"\n[et_pb_section fb_built=\u00bb1&#8243; _builder_version=\u00bb4.27.0&#8243; _module_preset=\u00bbdefault\u00bb background_color=\u00bb#FF8214&#8243; custom_margin=\u00bb0px||0px||true|false\u00bb custom_padding=\u00bb0px||0px||true|false\u00bb locked=\u00bboff\u00bb global_colors_info=\u00bb{}\u00bb][et_pb_row _builder_version=\u00bb4.27.0&#8243; _module_preset=\u00bbdefault\u00bb width=\u00bb100%\u00bb custom_margin=\u00bb0px||0px||true|false\u00bb custom_padding=\u00bb0px||0px||true|false\u00bb global_colors_info=\u00bb{}\u00bb][et_pb_column type=\u00bb4_4&#8243; _builder_version=\u00bb4.25.1&#8243; _module_preset=\u00bbdefault\u00bb global_colors_info=\u00bb{}\u00bb][et_pb_text admin_label=\u00bbMensaje-Titulo\u00bb _builder_version=\u00bb4.27.0&#8243; text_font=\u00bb&#8211;et_global_body_font||||||||\u00bb text_font_size=\u00bb49px\u00bb text_line_height=\u00bb1.9em\u00bb header_font=\u00bb||||||||\u00bb header_2_font=\u00bbMontserrat|700||on|||||\u00bb header_2_font_size=\u00bb44px\u00bb header_2_line_height=\u00bb1.3em\u00bb max_width=\u00bb900px\u00bb custom_margin=\u00bb0px|0px|0px|0px|true|true\u00bb custom_padding=\u00bb0px|0px|10px|0px|false|true\u00bb animation_style=\u00bbslide\u00bb animation_direction=\u00bbbottom\u00bb animation_intensity_slide=\u00bb4%\u00bb text_font_size_tablet=\u00bb40px\u00bb text_font_size_phone=\u00bb30px\u00bb text_font_size_last_edited=\u00bbon|phone\u00bb header_2_font_size_tablet=\u00bb39px\u00bb header_2_font_size_phone=\u00bb38px\u00bb header_2_font_size_last_edited=\u00bbon|phone\u00bb global_colors_info=\u00bb{}\u00bb]<p>POL\u00cdTICA DE PRIVACIDAD<\/p>[\/et_pb_text][et_pb_text admin_label=\u00bbSubtitle\u00bb _builder_version=\u00bb4.27.0&#8243; text_font=\u00bb&#8211;et_global_body_font|500|||||||\u00bb text_font_size=\u00bb20px\u00bb text_line_height=\u00bb1.2em\u00bb header_font=\u00bb||||||||\u00bb max_width=\u00bb1080px\u00bb custom_margin=\u00bb|||\u00bb custom_padding=\u00bb0px||30px||false|false\u00bb animation_style=\u00bbslide\u00bb animation_direction=\u00bbbottom\u00bb animation_delay=\u00bb100ms\u00bb animation_intensity_slide=\u00bb4%\u00bb hover_enabled=\u00bb0&#8243; text_font_size_tablet=\u00bb20px\u00bb text_font_size_phone=\u00bb20px\u00bb text_font_size_last_edited=\u00bboff|desktop\u00bb global_colors_info=\u00bb{}\u00bb text_text_color=\u00bb#1B1B1B\u00bb text_orientation=\u00bbleft\u00bb sticky_enabled=\u00bb0&#8243;]<p><span style=\"color: #000000;\"><strong>Fecha de actualizaci\u00f3n: 25 de febrero de 2020.<\/strong><\/span><\/p>\n<p><span style=\"color: #000000;\">En Sinergia Consultor\u00eda, nos comprometemos a proteger y respetar tu privacidad. Esta Pol\u00edtica de Privacidad describe c\u00f3mo recopilamos, usamos, y protegemos la informaci\u00f3n personal que nos proporcionas a trav\u00e9s de nuestro sitio web, sinergiaconsultoria.org y en nuestras interacciones comerciales.<\/span><\/p>\n<p>&nbsp;<\/p>\n<h3><span style=\"color: #000000;\"><strong>1. Informaci\u00f3n que Recopilamos<\/strong><\/span><\/h3>\n<p><span style=\"color: #000000;\">Podemos recopilar y procesar los siguientes tipos de informaci\u00f3n sobre ti:<\/span><\/p>\n<ul>\n<li><span style=\"color: #000000;\"><strong>Informaci\u00f3n de contacto:<\/strong> Nombre, direcci\u00f3n de correo electr\u00f3nico, n\u00famero de tel\u00e9fono, y cualquier otro dato que nos proporciones al completar formularios en nuestro sitio web o al comunicarte con nosotros.<\/span><\/li>\n<li><span style=\"color: #000000;\"><strong>Informaci\u00f3n sobre el uso del sitio:<\/strong> Datos relacionados con tus visitas a nuestro sitio, incluidos detalles del tr\u00e1fico, datos de ubicaci\u00f3n, weblogs y otros datos de comunicaci\u00f3n, as\u00ed como los recursos a los que accedes.<\/span><\/li>\n<li><span style=\"color: #000000;\"><strong>Informaci\u00f3n t\u00e9cnica:<\/strong> Direcci\u00f3n IP, tipo y versi\u00f3n del navegador, configuraci\u00f3n de zona horaria, tipos y versiones de complementos del navegador, sistema operativo, y plataforma.<\/span><span style=\"color: #000000;\"><\/span><\/li>\n<\/ul>\n<h3><span style=\"color: #000000;\"><\/span><\/h3>\n<h3><strong><span style=\"color: #000000;\">2. Uso de la Informaci\u00f3n<\/span><\/strong><\/h3>\n<p><span style=\"color: #000000;\">Utilizamos la informaci\u00f3n que recopilamos para los siguientes fines:<\/span><\/p>\n<ul>\n<li><span style=\"color: #000000;\"><strong>Proporcionar nuestros servicios:<\/strong> Para ejecutar contratos celebrados entre ustedes y nosotros, y para proporcionar la informaci\u00f3n y los servicios que nos solicitas.<\/span><\/li>\n<li><span style=\"color: #000000;\"><strong>Mejorar nuestro sitio y servicios:<\/strong> Para asegurarnos de que el contenido de nuestro sitio web se presenta de la manera m\u00e1s efectiva para ti y tu dispositivo, y para desarrollar y mejorar nuestros servicios.<\/span><\/li>\n<li><span style=\"color: #000000;\"><strong>Marketing y Comunicaciones:<\/strong> Para enviarte informaci\u00f3n sobre nuestros servicios, actualizaciones, ofertas especiales y noticias que consideremos de inter\u00e9s, si has dado tu consentimiento para recibir tales comunicaciones.<\/span><\/li>\n<li><span style=\"color: #000000;\"><strong>Cumplimiento legal:<\/strong> Para cumplir con nuestras obligaciones legales y regulatorias, responder a procesos legales, o proteger los derechos, la propiedad o la seguridad de Sinergia Consultor\u00eda, nuestros clientes u otros.<\/span><\/li>\n<\/ul>\n<p><span style=\"color: #000000;\"><\/span><\/p>\n<h3><strong><span style=\"color: #000000;\">3. Compartir Informaci\u00f3n con Terceros<\/span><\/strong><\/h3>\n<p><span style=\"color: #000000;\">No compartimos, vendemos, ni distribuimos tu informaci\u00f3n personal a terceros, salvo en las siguientes circunstancias:<\/span><\/p>\n<ul>\n<li><span style=\"color: #000000;\"><strong>Proveedores de servicios:<\/strong> Podemos compartir tu informaci\u00f3n con proveedores de servicios que nos asisten en la operaci\u00f3n de nuestro negocio, siempre que estos terceros cumplan con nuestras normas de privacidad y confidencialidad.<\/span><\/li>\n<li><span style=\"color: #000000;\"><strong>Cumplimiento legal:<\/strong> Podemos divulgar tu informaci\u00f3n personal si as\u00ed lo exige la ley, o para responder a una citaci\u00f3n o requerimiento legal, o para proteger los derechos, la propiedad o la seguridad de Sinergia Consultor\u00eda, nuestros clientes, u otros.<\/span><\/li>\n<\/ul>\n<p><span style=\"color: #000000;\"><\/span><\/p>\n<h3><strong><span style=\"color: #000000;\">4. Seguridad de la Informaci\u00f3n<\/span><\/strong><\/h3>\n<p><span style=\"color: #000000;\">Implementamos medidas t\u00e9cnicas y organizativas adecuadas para proteger tu informaci\u00f3n personal contra el acceso no autorizado, el uso indebido, la alteraci\u00f3n, y la destrucci\u00f3n. Sin embargo, debes tener en cuenta que la transmisi\u00f3n de informaci\u00f3n a trav\u00e9s de Internet no es completamente segura y, aunque hacemos todo lo posible para proteger tus datos personales, no podemos garantizar la seguridad absoluta de la informaci\u00f3n transmitida a nuestro sitio web.<\/span><\/p>\n<p><span style=\"color: #000000;\"><\/span><\/p>\n<h3><strong><span style=\"color: #000000;\">5. Tus Derechos<\/span><\/strong><\/h3>\n<p><span style=\"color: #000000;\">Tienes derecho a:<\/span><\/p>\n<ul>\n<li><span style=\"color: #000000;\"><strong>Acceder:<\/strong> Solicitar una copia de la informaci\u00f3n personal que tenemos sobre ti.<\/span><\/li>\n<li><span style=\"color: #000000;\"><strong>Rectificar:<\/strong> Solicitar la correcci\u00f3n de cualquier dato personal incorrecto o incompleto.<\/span><\/li>\n<li><span style=\"color: #000000;\"><strong>Eliminar:<\/strong> Solicitar la eliminaci\u00f3n de tus datos personales cuando ya no sean necesarios para los fines para los cuales fueron recopilados.<\/span><\/li>\n<li><span style=\"color: #000000;\"><strong>Restringir:<\/strong> Solicitar la limitaci\u00f3n del procesamiento de tus datos personales en determinadas circunstancias.<\/span><\/li>\n<li><span style=\"color: #000000;\"><strong>Objeci\u00f3n:<\/strong> Oponerte al procesamiento de tus datos personales en ciertas situaciones, como el marketing directo.<\/span><\/li>\n<li><span style=\"color: #000000;\"><strong>Portabilidad:<\/strong> Solicitar que te proporcionemos a ti o a un tercero una copia de tus datos personales en un formato estructurado, com\u00fan y legible por m\u00e1quina.<\/span><\/li>\n<\/ul>\n<p><span style=\"color: #000000;\">Para ejercer cualquiera de estos derechos, por favor cont\u00e1ctanos en contacto@sinergiaconsultoria.org <\/span><\/p>\n<h3><span style=\"color: #000000;\"><\/span><\/h3>\n<p><span style=\"color: #000000;\"><\/span><\/p>\n<h3><strong><span style=\"color: #000000;\">6. Uso de Cookies<\/span><\/strong><\/h3>\n<p><span style=\"color: #000000;\">Nuestro sitio web utiliza cookies para diferenciarte de otros usuarios y proporcionarte una experiencia personalizada. Las cookies son peque\u00f1os archivos de datos que se almacenan en tu navegador o en el disco duro de tu dispositivo cuando visitas ciertos sitios web.<\/span><\/p>\n<p><span style=\"color: #000000;\">Puedes configurar tu navegador para rechazar todas o algunas cookies, o para que te avise cuando los sitios web configuren o accedan a cookies. Sin embargo, si desactivas o rechazas las cookies, ten en cuenta que algunas partes de nuestro sitio pueden no funcionar correctamente.<\/span><\/p>\n<p><span style=\"color: #000000;\"><\/span><\/p>\n<h3><strong><span style=\"color: #000000;\">7. Enlaces a Otros Sitios Web<\/span><\/strong><\/h3>\n<p><span style=\"color: #000000;\">Nuestro sitio web puede contener enlaces a sitios web de terceros. Si sigues un enlace a cualquiera de estos sitios web, ten en cuenta que ellos tienen sus propias pol\u00edticas de privacidad y que no aceptamos ninguna responsabilidad por estas pol\u00edticas. Te recomendamos que leas sus pol\u00edticas de privacidad antes de proporcionarles cualquier dato personal.<\/span><\/p>\n<p><span style=\"color: #000000;\"><\/span><\/p>\n<h3><strong><span style=\"color: #000000;\">8. Cambios en Nuestra Pol\u00edtica de Privacidad<\/span><\/strong><\/h3>\n<p><span style=\"color: #000000;\">Nos reservamos el derecho de actualizar esta Pol\u00edtica de Privacidad en cualquier momento. Cualquier cambio que hagamos en el futuro se publicar\u00e1 en esta p\u00e1gina y, cuando sea apropiado, te lo notificaremos por correo electr\u00f3nico. Te recomendamos que revises esta p\u00e1gina regularmente para estar al tanto de las actualizaciones.<\/span><\/p>\n<p><span style=\"color: #000000;\"><\/span><\/p>\n<h3><strong><span style=\"color: #000000;\">9. Contacto<\/span><\/strong><\/h3>\n<p><span style=\"color: #000000;\">Si tienes alguna pregunta o inquietud sobre esta Pol\u00edtica de Privacidad o sobre c\u00f3mo manejamos tu informaci\u00f3n personal, no dudes en contactarnos a trav\u00e9s de:<\/span><\/p>\n<p><span style=\"color: #000000;\"><strong>Sinergia Consultor\u00eda<\/strong><\/span><br \/><span style=\"color: #000000;\">Correo electr\u00f3nico: contacto@sinergiaconsultoria.org<\/span><br \/><span style=\"color: #000000;\">Tel\u00e9fono: 55-8505-3019<\/span><br \/><span style=\"color: #000000;\">Direcci\u00f3n: Tihuatl\u00e1n 37, San Jer\u00f3nimo Aculco, Ciudad de M\u00e9xico.<\/span><\/p>\n<p><span style=\"color: #000000;\">Agradecemos tu confianza en Sinergia Consultor\u00eda y nos comprometemos a proteger tu privacidad con seriedad y res<\/span>ponsabilidad.<\/p>[\/et_pb_text][\/et_pb_column][\/et_pb_row][\/et_pb_section]\n","protected":false},"excerpt":{"rendered":"<p>POL\u00cdTICA DE PRIVACIDADFecha de actualizaci\u00f3n: 25 de febrero de 2020. En Sinergia Consultor\u00eda, nos comprometemos a proteger y respetar tu privacidad. Esta Pol\u00edtica de Privacidad describe c\u00f3mo recopilamos, usamos, y protegemos la informaci\u00f3n personal que nos proporcionas a trav\u00e9s de nuestro sitio web, sinergiaconsultoria.org y en nuestras interacciones comerciales. &nbsp; 1. Informaci\u00f3n que Recopilamos Podemos [&hellip;]<\/p>\n","protected":false},"author":1,"featured_media":0,"parent":0,"menu_order":0,"comment_status":"closed","ping_status":"closed","template":"","meta":{"_et_pb_use_builder":"on","_et_pb_old_content":"","_et_gb_content_width":"","footnotes":""},"class_list":["post-1725","page","type-page","status-publish","hentry"],"_links":{"self":[{"href":"https:\/\/sinergiaconsultoria.org\/index.php\/wp-json\/wp\/v2\/pages\/1725","targetHints":{"allow":["GET"]}}],"collection":[{"href":"https:\/\/sinergiaconsultoria.org\/index.php\/wp-json\/wp\/v2\/pages"}],"about":[{"href":"https:\/\/sinergiaconsultoria.org\/index.php\/wp-json\/wp\/v2\/types\/page"}],"author":[{"embeddable":true,"href":"https:\/\/sinergiaconsultoria.org\/index.php\/wp-json\/wp\/v2\/users\/1"}],"replies":[{"embeddable":true,"href":"https:\/\/sinergiaconsultoria.org\/index.php\/wp-json\/wp\/v2\/comments?post=1725"}],"version-history":[{"count":5,"href":"https:\/\/sinergiaconsultoria.org\/index.php\/wp-json\/wp\/v2\/pages\/1725\/revisions"}],"predecessor-version":[{"id":1821,"href":"https:\/\/sinergiaconsultoria.org\/index.php\/wp-json\/wp\/v2\/pages\/1725\/revisions\/1821"}],"wp:attachment":[{"href":"https:\/\/sinergiaconsultoria.org\/index.php\/wp-json\/wp\/v2\/media?parent=1725"}],"curies":[{"name":"wp","href":"https:\/\/api.w.org\/{rel}","templated":true}]}}